{"id":3,"date":"2025-12-17T09:53:35","date_gmt":"2025-12-17T08:53:35","guid":{"rendered":"http:\/\/faulquemont.ste-mgas.fr\/?page_id=3"},"modified":"2026-01-22T18:59:02","modified_gmt":"2026-01-22T17:59:02","slug":"politique-de-confidentialite","status":"publish","type":"page","link":"https:\/\/proximite-action.fr\/?page_id=3","title":{"rendered":"Politique de confidentialit\u00e9"},"content":{"rendered":"\n<h2 class=\"wp-block-heading\">H\u00e9bergeur du site et gestion du nom de domaine:<\/h2>\n\n\n\n<ul class=\"wp-block-list\">\n<li><strong>MGAS ING\u00c9NIERIE<\/strong><\/li>\n\n\n\n<li>SIREN : 519489751<\/li>\n\n\n\n<li>RCS : Strasbourg A 519 489 751<\/li>\n\n\n\n<li>Si\u00e8ge social : 7B rue des oies &#8211; 67170 Donnenheim<\/li>\n\n\n\n<li>T\u00e9l\u00e9phone : 0 981 959 006<\/li>\n\n\n\n<li>E-mail :&nbsp;<a href=\"mailto:info@ste-mgas.fr\">info@ste-mgas.fr<\/a><\/li>\n<\/ul>\n\n\n\n<h2 class=\"wp-block-heading\">Nom du site :<\/h2>\n\n\n\n<p>Faulquemont 2026 &#8211; Proximit\u00e9 &#8211; Action<\/p>\n\n\n\n<h2 class=\"wp-block-heading\">H\u00e9bergement :<\/h2>\n\n\n\n<p>Le logiciel site est h\u00e9berg\u00e9 dans mini  datacenter situ\u00e9 \u00e0 Donnenheim, conform\u00e9ment \u00e0 l&rsquo;article L. 34-5 du Code des postes et des communications \u00e9lectroniques, garantissant la s\u00e9curisation des donn\u00e9es.<\/p>\n\n\n\n<h2 class=\"wp-block-heading\">Propri\u00e9t\u00e9 intellectuelle :<\/h2>\n\n\n\n<p>Conform\u00e9ment aux articles L.111-1 et suivants du Code de la propri\u00e9t\u00e9 intellectuelle, tous les \u00e9l\u00e9ments pr\u00e9sents sur le site, y compris les textes, images, graphismes, logos et bases de donn\u00e9es, sont la propri\u00e9t\u00e9 exclusive de l&rsquo;\u00e9quipe Proximit\u00e9 et Action 2026 men\u00e9e par Madame Violette COMBAS. Toute reproduction, repr\u00e9sentation, modification, publication, adaptation, totale ou partielle de ces \u00e9l\u00e9ments, quel que soit le moyen ou le proc\u00e9d\u00e9 utilis\u00e9, est interdite, sauf autorisation \u00e9crite pr\u00e9alable de l&rsquo;\u00e9quipe.<\/p>\n\n\n\n<h2 class=\"wp-block-heading\">Responsabilit\u00e9 :<\/h2>\n\n\n\n<p>MGAS ING\u00c9NIERIE d\u00e9cline toute responsabilit\u00e9 quant aux dommages directs ou indirects qui pourraient r\u00e9sulter de l&rsquo;acc\u00e8s ou de l&rsquo;utilisation de son h\u00e9bergement WEB, conform\u00e9ment \u00e0 l&rsquo;article 1240 du Code civil. L&rsquo;utilisateur reconna\u00eet utiliser ce logiciel sous sa propre responsabilit\u00e9.<\/p>\n\n\n\n<h2 class=\"wp-block-heading\">Traitement des donn\u00e9es personnelles :<\/h2>\n\n\n\n<p>Conform\u00e9ment \u00e0 la loi n\u00b078-17 du 6 janvier 1978 modifi\u00e9e relative \u00e0 l&rsquo;informatique, aux fichiers et aux libert\u00e9s, ainsi qu&rsquo;au R\u00e8glement G\u00e9n\u00e9ral sur la Protection des Donn\u00e9es (RGPD) UE 2016\/679 du 27 avril 2016, MGAS ING\u00c9NIERIE s&rsquo;engage \u00e0 prot\u00e9ger les donn\u00e9es personnelles des utilisateurs.<\/p>\n\n\n\n<h2 class=\"wp-block-heading\">Finalit\u00e9s du traitement :<\/h2>\n\n\n\n<p>Les donn\u00e9es sont collect\u00e9es et trait\u00e9es dans le cadre du bon fonctionnement du site et des services rendus. Aucune donn\u00e9e n&rsquo;est communiqu\u00e9e \u00e0 des tiers sans l&rsquo;accord explicite des utilisateurs concern\u00e9s, sauf obligation l\u00e9gale.<\/p>\n\n\n\n<h2 class=\"wp-block-heading\">Dur\u00e9e de conservation des donn\u00e9es :<\/h2>\n\n\n\n<p>Les donn\u00e9es personnelles des utilisateurs sont conserv\u00e9es pendant une dur\u00e9e maximale de 1 an \u00e0 compter de leur collecte, conform\u00e9ment aux dispositions l\u00e9gales en vigueur ( uniquement les statistique d&rsquo;acc\u00e8s ) <\/p>\n\n\n\n<h2 class=\"wp-block-heading\">Droits des utilisateurs :<\/h2>\n\n\n\n<p>Conform\u00e9ment aux articles 15 \u00e0 22 du RGPD, les utilisateurs disposent des droits suivants : droit d&rsquo;acc\u00e8s, droit de rectification, droit \u00e0 l&rsquo;effacement, droit \u00e0 la limitation du traitement, droit \u00e0 la portabilit\u00e9 des donn\u00e9es, et droit d&rsquo;opposition. Pour exercer ces droits, veuillez nous contacter par email \u00e0 l&rsquo;adresse suivante :&nbsp;<a href=\"mailto:info@ste-mgas.fr\">info@ste-mgas.fr<\/a>.<\/p>\n\n\n\n<h2 class=\"wp-block-heading\">Cookies :<\/h2>\n\n\n\n<p>Le site utilise des cookies pour am\u00e9liorer l&rsquo;exp\u00e9rience utilisateur. Ces cookies sont n\u00e9cessaires au bon fonctionnement du logiciel et \u00e0 la fourniture des services associ\u00e9s. Conform\u00e9ment \u00e0 la r\u00e9glementation, le consentement de l&rsquo;utilisateur est requis pour leur utilisation. En poursuivant l&rsquo;utilisation du logiciel, l&rsquo;utilisateur accepte l&rsquo;usage des cookies.<\/p>\n\n\n\n<h2 class=\"wp-block-heading\">Litiges :<\/h2>\n\n\n\n<p>Tout litige relatif \u00e0 l&rsquo;h\u00e9bergement du site sera soumis au droit fran\u00e7ais. En cas de litige, les tribunaux comp\u00e9tents seront ceux situ\u00e9s dans la juridiction du si\u00e8ge social de MGAS ING\u00c9NIERIE, sauf dispositions l\u00e9gales contraires.<\/p>\n\n\n\n<h2 class=\"wp-block-heading\">Contact :<\/h2>\n\n\n\n<p>Pour toute question ou r\u00e9clamation, vous pouvez nous contacter aux coordonn\u00e9es suivantes :<\/p>\n\n\n\n<p><a href=\"mailto:contact@proximite-action.fr\">contact@proximite-action.fr<\/a><\/p>\n\n\n\n<p>E-mail :&nbsp;<a href=\"mailto:info@ste-mgas.fr\">info@ste-mgas.fr<\/a><\/p>\n\n\n\n<p>T\u00e9l\u00e9phone : 0 981 959 006<\/p>\n","protected":false},"excerpt":{"rendered":"<p>H\u00e9bergeur du site et gestion du nom de domaine: Nom du site : Faulquemont 2026 &#8211; Proximit\u00e9 &#8211; Action H\u00e9bergement : Le logiciel site est h\u00e9berg\u00e9 dans mini datacenter situ\u00e9 \u00e0 Donnenheim, conform\u00e9ment \u00e0 l&rsquo;article L. 34-5 du Code des postes et des communications \u00e9lectroniques, garantissant la s\u00e9curisation des donn\u00e9es. Propri\u00e9t\u00e9 intellectuelle : Conform\u00e9ment aux [&hellip;]<\/p>\n","protected":false},"author":1,"featured_media":0,"parent":0,"menu_order":0,"comment_status":"closed","ping_status":"open","template":"","meta":{"iawp_total_views":19,"footnotes":""},"class_list":["post-3","page","type-page","status-publish","hentry"],"_links":{"self":[{"href":"https:\/\/proximite-action.fr\/index.php?rest_route=\/wp\/v2\/pages\/3","targetHints":{"allow":["GET"]}}],"collection":[{"href":"https:\/\/proximite-action.fr\/index.php?rest_route=\/wp\/v2\/pages"}],"about":[{"href":"https:\/\/proximite-action.fr\/index.php?rest_route=\/wp\/v2\/types\/page"}],"author":[{"embeddable":true,"href":"https:\/\/proximite-action.fr\/index.php?rest_route=\/wp\/v2\/users\/1"}],"replies":[{"embeddable":true,"href":"https:\/\/proximite-action.fr\/index.php?rest_route=%2Fwp%2Fv2%2Fcomments&post=3"}],"version-history":[{"count":5,"href":"https:\/\/proximite-action.fr\/index.php?rest_route=\/wp\/v2\/pages\/3\/revisions"}],"predecessor-version":[{"id":328,"href":"https:\/\/proximite-action.fr\/index.php?rest_route=\/wp\/v2\/pages\/3\/revisions\/328"}],"wp:attachment":[{"href":"https:\/\/proximite-action.fr\/index.php?rest_route=%2Fwp%2Fv2%2Fmedia&parent=3"}],"curies":[{"name":"wp","href":"https:\/\/api.w.org\/{rel}","templated":true}]}}