{"id":114,"date":"2025-12-20T17:45:38","date_gmt":"2025-12-20T16:45:38","guid":{"rendered":"https:\/\/faulquemont.ste-mgas.fr\/?page_id=114"},"modified":"2026-02-26T20:05:55","modified_gmt":"2026-02-26T19:05:55","slug":"notre-programme","status":"publish","type":"page","link":"https:\/\/proximite-action.fr\/?page_id=114","title":{"rendered":"NOTRE PROGRAMME"},"content":{"rendered":"\n<figure class=\"wp-block-pullquote\" style=\"padding-top:var(--wp--preset--spacing--20);padding-bottom:var(--wp--preset--spacing--20)\"><blockquote><p>\u00ab\u00a0Notre programme, c&rsquo;est avant tout le v\u00f4tre. Nos propositions sont issues de vos constats, de votre quotidien. Rien n&rsquo;est fig\u00e9, nous sommes et resterons \u00e0 l&rsquo;\u00e9coute de vos attentes, loin des promesses irr\u00e9alisables et des annonces sensationnelles.\u00a0\u00bb<\/p><cite>Violette Combas et son \u00e9quipe<\/cite><\/blockquote><\/figure>\n\n\n\n<div data-wp-interactive=\"core\/file\" class=\"wp-block-file\"><object data-wp-bind--hidden=\"!state.hasPdfPreview\" hidden class=\"wp-block-file__embed\" data=\"https:\/\/proximite-action.fr\/wp-content\/uploads\/2026\/02\/4P_ProgrammeVioletteCombas.pdf\" type=\"application\/pdf\" style=\"width:100%;height:1205px\" aria-label=\"Contenu embarqu\u00e9 Programme Faulquemont Proximit\u00e9 et Action :.\"><\/object><a id=\"wp-block-file--media-a9fa3354-e19d-4674-9f38-3900dfa654a1\" href=\"https:\/\/proximite-action.fr\/wp-content\/uploads\/2026\/02\/4P_ProgrammeVioletteCombas.pdf\">Programme Faulquemont Proximit\u00e9 et Action :<\/a><a href=\"https:\/\/proximite-action.fr\/wp-content\/uploads\/2026\/02\/4P_ProgrammeVioletteCombas.pdf\" class=\"wp-block-file__button wp-element-button\" download aria-describedby=\"wp-block-file--media-a9fa3354-e19d-4674-9f38-3900dfa654a1\">T\u00e9l\u00e9charger<\/a><\/div>\n\n\n<p>N&rsquo;h\u00e9sitez pas \u00e0 nous faire part de vos id\u00e9es via le formulaire de suggestions ci-dessous.<\/p>\n\n<style id=\"wpforms-css-vars-119-block-f4189b2b-a7fc-467e-93d2-fe6246a75f17\">\n\t\t\t\t#wpforms-119.wpforms-block-f4189b2b-a7fc-467e-93d2-fe6246a75f17 {\n\t\t\t\t--wpforms-field-size-input-height: 43px;\n--wpforms-field-size-input-spacing: 15px;\n--wpforms-field-size-font-size: 16px;\n--wpforms-field-size-line-height: 19px;\n--wpforms-field-size-padding-h: 14px;\n--wpforms-field-size-checkbox-size: 16px;\n--wpforms-field-size-sublabel-spacing: 5px;\n--wpforms-field-size-icon-size: 1;\n--wpforms-label-size-font-size: 16px;\n--wpforms-label-size-line-height: 19px;\n--wpforms-label-size-sublabel-font-size: 14px;\n--wpforms-label-size-sublabel-line-height: 17px;\n--wpforms-button-size-font-size: 17px;\n--wpforms-button-size-height: 41px;\n--wpforms-button-size-padding-h: 15px;\n--wpforms-button-size-margin-top: 10px;\n\t\t\t}\n\t\t\t<\/style><div class=\"wpforms-container wpforms-container-full wpforms-block wpforms-block-f4189b2b-a7fc-467e-93d2-fe6246a75f17 wpforms-render-modern\" id=\"wpforms-119\"><form id=\"wpforms-form-119\" class=\"wpforms-validate wpforms-form wpforms-ajax-form\" data-formid=\"119\" method=\"post\" enctype=\"multipart\/form-data\" action=\"\/index.php?rest_route=%2Fwp%2Fv2%2Fpages%2F114\" data-token=\"fcf647423daee3dbf3efe1052975e744\" data-token-time=\"1776427288\"><div class=\"wpforms-head-container\"><div class=\"wpforms-title\">Des suggestions ? Des remarques ?<\/div><div class=\"wpforms-description\">Une id\u00e9e pour Faulquemont ? Une probl\u00e9matique \u00e0 nous soumettre ? \r\nCe programme est le v\u00f4tre, faites nous en part.<\/div><\/div><noscript class=\"wpforms-error-noscript\">Veuillez activer JavaScript dans votre navigateur pour remplir ce formulaire.<\/noscript><div id=\"wpforms-error-noscript\" style=\"display: none;\">Veuillez activer JavaScript dans votre navigateur pour remplir ce formulaire.<\/div><div class=\"wpforms-field-container\"><div id=\"wpforms-119-field_1-container\" class=\"wpforms-field wpforms-field-name\" data-field-id=\"1\"><label class=\"wpforms-field-label\" for=\"wpforms-119-field_1\">Nom ou pseudonyme <span class=\"wpforms-required-label\" aria-hidden=\"true\">*<\/span><\/label><input type=\"text\" id=\"wpforms-119-field_1\" class=\"wpforms-field-medium wpforms-field-required\" name=\"wpforms[fields][1]\" aria-errormessage=\"wpforms-119-field_1-error\" required><\/div><div id=\"wpforms-119-field_6-container\" class=\"wpforms-field wpforms-field-email\" data-field-id=\"6\"><label class=\"wpforms-field-label\" for=\"wpforms-119-field_6\">E-mail<\/label><input type=\"email\" id=\"wpforms-119-field_6\" class=\"wpforms-field-medium\" name=\"wpforms[fields][6]\" spellcheck=\"false\" aria-errormessage=\"wpforms-119-field_6-error\" ><\/div>\t\t<div id=\"wpforms-119-field_2-container\"\n\t\t\tclass=\"wpforms-field wpforms-field-text\"\n\t\t\tdata-field-type=\"text\"\n\t\t\tdata-field-id=\"2\"\n\t\t\t>\n\t\t\t<label class=\"wpforms-field-label\" for=\"wpforms-119-field_2\" >ou Consentement Proposition(s)<\/label>\n\t\t\t<input type=\"text\" id=\"wpforms-119-field_2\" class=\"wpforms-field-medium\" name=\"wpforms[fields][2]\" >\n\t\t<\/div>\n\t\t<div id=\"wpforms-119-field_3-container\" class=\"wpforms-field wpforms-field-textarea\" data-field-id=\"3\"><label class=\"wpforms-field-label\" for=\"wpforms-119-field_3\">Proposition(s) et\/ou remarque(s)<\/label><textarea id=\"wpforms-119-field_3\" class=\"wpforms-field-medium\" name=\"wpforms[fields][3]\" aria-errormessage=\"wpforms-119-field_3-error\" ><\/textarea><\/div><div id=\"wpforms-119-field_7-container\" class=\"wpforms-field wpforms-field-checkbox\" data-field-id=\"7\"><fieldset><legend class=\"wpforms-field-label\">Consentement<\/legend><ul id=\"wpforms-119-field_7\"><li class=\"choice-1 depth-1\"><input type=\"checkbox\" id=\"wpforms-119-field_7_1\" name=\"wpforms[fields][7][]\" value=\"J&#039;accepte que mon nom ou mon pseudonyme soit utilis\u00e9 pour citation\" aria-errormessage=\"wpforms-119-field_7_1-error\"  ><label class=\"wpforms-field-label-inline\" for=\"wpforms-119-field_7_1\">J&rsquo;accepte que mon nom ou mon pseudonyme soit utilis\u00e9 pour citation<\/label><\/li><\/ul><\/fieldset><\/div><script>\n\t\t\t\t( function() {\n\t\t\t\t\tconst style = document.createElement( 'style' );\n\t\t\t\t\tstyle.appendChild( document.createTextNode( '#wpforms-119-field_2-container { position: absolute !important; overflow: hidden !important; display: inline !important; height: 1px !important; width: 1px !important; z-index: -1000 !important; padding: 0 !important; } #wpforms-119-field_2-container input { visibility: hidden; } #wpforms-conversational-form-page #wpforms-119-field_2-container label { counter-increment: none; }' ) );\n\t\t\t\t\tdocument.head.appendChild( style );\n\t\t\t\t\tdocument.currentScript?.remove();\n\t\t\t\t} )();\n\t\t\t<\/script><\/div><!-- .wpforms-field-container --><div class=\"wpforms-submit-container\" ><input type=\"hidden\" name=\"wpforms[id]\" value=\"119\"><input type=\"hidden\" name=\"page_title\" value=\"\"><input type=\"hidden\" name=\"page_url\" value=\"https:\/\/proximite-action.fr\/index.php?rest_route=\/wp\/v2\/pages\/114\"><input type=\"hidden\" name=\"url_referer\" value=\"\"><button type=\"submit\" name=\"wpforms[submit]\" id=\"wpforms-submit-119\" class=\"wpforms-submit\" data-alt-text=\"Envoi...\" data-submit-text=\"Envoyer \" aria-live=\"assertive\" value=\"wpforms-submit\">Envoyer <\/button><img loading=\"lazy\" decoding=\"async\" src=\"https:\/\/proximite-action.fr\/wp-content\/plugins\/wpforms-lite\/assets\/images\/submit-spin.svg\" class=\"wpforms-submit-spinner\" style=\"display: none;\" width=\"26\" height=\"26\" alt=\"Chargement en cours\"><\/div><\/form><\/div>  <!-- .wpforms-container -->\n\n\n<p>Votre nom, votre email et votre commentaire sont trait\u00e9s par notre \u00e9quipe uniquement pour vous apporter une r\u00e9ponse. Vos donn\u00e9es sont conserv\u00e9es jusqu&rsquo;\u00e0 la fin de la campagne. Elle ne sont partag\u00e9es \u00e0 aucun tiers. Pour demander leur effacement, vous pouvez adresser un e-mail \u00e0 contact@proximite-action.fr<\/p>\n","protected":false},"excerpt":{"rendered":"<p>\u00ab\u00a0Notre programme, c&rsquo;est avant tout le v\u00f4tre. Nos propositions sont issues de vos constats, de votre quotidien. Rien n&rsquo;est fig\u00e9, nous sommes et resterons \u00e0 l&rsquo;\u00e9coute de vos attentes, loin des promesses irr\u00e9alisables et des annonces sensationnelles.\u00a0\u00bb Violette Combas et son \u00e9quipe N&rsquo;h\u00e9sitez pas \u00e0 nous faire part de vos id\u00e9es via le formulaire de [&hellip;]<\/p>\n","protected":false},"author":2,"featured_media":0,"parent":0,"menu_order":0,"comment_status":"open","ping_status":"closed","template":"","meta":{"iawp_total_views":288,"footnotes":""},"class_list":["post-114","page","type-page","status-publish","hentry"],"_links":{"self":[{"href":"https:\/\/proximite-action.fr\/index.php?rest_route=\/wp\/v2\/pages\/114","targetHints":{"allow":["GET"]}}],"collection":[{"href":"https:\/\/proximite-action.fr\/index.php?rest_route=\/wp\/v2\/pages"}],"about":[{"href":"https:\/\/proximite-action.fr\/index.php?rest_route=\/wp\/v2\/types\/page"}],"author":[{"embeddable":true,"href":"https:\/\/proximite-action.fr\/index.php?rest_route=\/wp\/v2\/users\/2"}],"replies":[{"embeddable":true,"href":"https:\/\/proximite-action.fr\/index.php?rest_route=%2Fwp%2Fv2%2Fcomments&post=114"}],"version-history":[{"count":17,"href":"https:\/\/proximite-action.fr\/index.php?rest_route=\/wp\/v2\/pages\/114\/revisions"}],"predecessor-version":[{"id":466,"href":"https:\/\/proximite-action.fr\/index.php?rest_route=\/wp\/v2\/pages\/114\/revisions\/466"}],"wp:attachment":[{"href":"https:\/\/proximite-action.fr\/index.php?rest_route=%2Fwp%2Fv2%2Fmedia&parent=114"}],"curies":[{"name":"wp","href":"https:\/\/api.w.org\/{rel}","templated":true}]}}